{"id":2379,"date":"2015-09-16T09:03:27","date_gmt":"2015-09-16T09:03:27","guid":{"rendered":"https:\/\/www.marxaberet.com\/?page_id=2379"},"modified":"2026-01-31T16:07:39","modified_gmt":"2026-01-31T16:07:39","slug":"inscripcions-3","status":"publish","type":"page","link":"https:\/\/www.marxaberet.com\/ca\/inscripcions-3\/","title":{"rendered":"Inscripcions"},"content":{"rendered":"<p>[et_pb_section fb_built=&#8221;1&#8243; custom_padding_last_edited=&#8221;on|desktop&#8221; admin_label=&#8221;section&#8221; _builder_version=&#8221;4.16&#8243; background_color=&#8221;#f2f2f2&#8243; custom_padding_tablet=&#8221;50px|0|50px|0&#8243; custom_padding_phone=&#8221;&#8221; transparent_background=&#8221;off&#8221; padding_mobile=&#8221;off&#8221; make_fullwidth=&#8221;off&#8221; use_custom_width=&#8221;off&#8221; width_unit=&#8221;on&#8221; global_colors_info=&#8221;{}&#8221;][et_pb_row padding_mobile=&#8221;off&#8221; column_padding_mobile=&#8221;on&#8221; admin_label=&#8221;row&#8221; _builder_version=&#8221;4.16&#8243; background_size=&#8221;initial&#8221; background_position=&#8221;top_left&#8221; background_repeat=&#8221;repeat&#8221; make_fullwidth=&#8221;off&#8221; use_custom_width=&#8221;off&#8221; width_unit=&#8221;on&#8221; global_colors_info=&#8221;{}&#8221;][et_pb_column type=&#8221;4_4&#8243; _builder_version=&#8221;4.16&#8243; custom_padding=&#8221;|||&#8221; global_colors_info=&#8221;{}&#8221; custom_padding__hover=&#8221;|||&#8221;][et_pb_text admin_label=&#8221;Texto&#8221; _builder_version=&#8221;4.16&#8243; background_size=&#8221;initial&#8221; background_position=&#8221;top_left&#8221; background_repeat=&#8221;repeat&#8221; use_border_color=&#8221;off&#8221; border_color=&#8221;#ffffff&#8221; border_style=&#8221;solid&#8221; global_colors_info=&#8221;{}&#8221;]<\/p>\n<h1><strong><img loading=\"lazy\" decoding=\"async\" class=\"alignleft size-full wp-image-3790\" src=\"https:\/\/www.marxaberet.com\/wp-content\/uploads\/2015\/09\/inscripciones.png\" alt=\"inscripciones\" width=\"64\" height=\"64\" \/>Inscripcions Marxa Beret<\/strong><\/h1>\n<p>[\/et_pb_text][\/et_pb_column][\/et_pb_row][et_pb_row column_structure=&#8221;1_3,1_3,1_3&#8243; admin_label=&#8221;Fila&#8221; _builder_version=&#8221;4.16&#8243; background_size=&#8221;initial&#8221; background_position=&#8221;top_left&#8221; background_repeat=&#8221;repeat&#8221; global_colors_info=&#8221;{}&#8221;][et_pb_column type=&#8221;1_3&#8243; _builder_version=&#8221;4.16&#8243; custom_padding=&#8221;|||&#8221; global_colors_info=&#8221;{}&#8221; custom_padding__hover=&#8221;|||&#8221;][et_pb_pricing_tables admin_label=&#8221;Tablas de precios&#8221; _builder_version=&#8221;4.23.1&#8243; header_font_size=&#8221;40&#8243; header_font_size_tablet=&#8221;20&#8243; header_font_size_phone=&#8221;&#8221; header_font_size_last_edited=&#8221;on|tablet&#8221; use_border_color=&#8221;off&#8221; border_color=&#8221;#ffffff&#8221; border_style=&#8221;solid&#8221; remove_featured_drop_shadow=&#8221;off&#8221; button_letter_spacing_hover=&#8221;0&#8243; center_list_items=&#8221;off&#8221; global_colors_info=&#8221;{}&#8221; button_text_size__hover_enabled=&#8221;off&#8221; button_one_text_size__hover_enabled=&#8221;off&#8221; button_two_text_size__hover_enabled=&#8221;off&#8221; button_text_color__hover_enabled=&#8221;off&#8221; button_one_text_color__hover_enabled=&#8221;off&#8221; button_two_text_color__hover_enabled=&#8221;off&#8221; button_border_width__hover_enabled=&#8221;off&#8221; button_one_border_width__hover_enabled=&#8221;off&#8221; button_two_border_width__hover_enabled=&#8221;off&#8221; button_border_color__hover_enabled=&#8221;off&#8221; button_one_border_color__hover_enabled=&#8221;off&#8221; button_two_border_color__hover_enabled=&#8221;off&#8221; button_border_radius__hover_enabled=&#8221;off&#8221; button_one_border_radius__hover_enabled=&#8221;off&#8221; button_two_border_radius__hover_enabled=&#8221;off&#8221; button_letter_spacing__hover_enabled=&#8221;on&#8221; button_letter_spacing__hover=&#8221;0&#8243; button_one_letter_spacing__hover_enabled=&#8221;off&#8221; button_two_letter_spacing__hover_enabled=&#8221;off&#8221; button_bg_color__hover_enabled=&#8221;off&#8221; button_one_bg_color__hover_enabled=&#8221;off&#8221; button_two_bg_color__hover_enabled=&#8221;off&#8221;][et_pb_pricing_table title=&#8221;Per internet&#8221; subtitle=&#8221;del 7\/11\/2025 al 15\/01\/2026&#8243; url_new_window=&#8221;on&#8221; button_text=&#8221;INSCRIU-TE&#8221; _builder_version=&#8221;4.23.1&#8243; header_font=&#8221;||||&#8221; body_font=&#8221;||||&#8221; subheader_font=&#8221;||||&#8221; price_font=&#8221;||||&#8221; currency_frequency_font=&#8221;||||&#8221; background_color=&#8221;#ffffff&#8221; custom_button=&#8221;on&#8221; button_text_size=&#8221;25&#8243; button_text_color=&#8221;#ffffff&#8221; button_bg_color=&#8221;#00bcea&#8221; button_border_width=&#8221;0&#8243; button_border_radius=&#8221;0&#8243; button_font=&#8221;||||&#8221; button_icon=&#8221;&#x6c;||divi||400&#8243; button_icon_placement=&#8221;right&#8221; button_on_hover=&#8221;on&#8221; button_text_size_tablet=&#8221;25&#8243; button_text_size_phone=&#8221;25&#8243; global_colors_info=&#8221;{}&#8221; button_text_size__hover_enabled=&#8221;off&#8221; button_one_text_size__hover_enabled=&#8221;off&#8221; button_two_text_size__hover_enabled=&#8221;off&#8221; button_text_color__hover_enabled=&#8221;off&#8221; button_one_text_color__hover_enabled=&#8221;off&#8221; button_two_text_color__hover_enabled=&#8221;off&#8221; button_border_width__hover_enabled=&#8221;off&#8221; button_one_border_width__hover_enabled=&#8221;off&#8221; button_two_border_width__hover_enabled=&#8221;off&#8221; button_border_color__hover_enabled=&#8221;off&#8221; button_one_border_color__hover_enabled=&#8221;off&#8221; button_two_border_color__hover_enabled=&#8221;off&#8221; button_border_radius__hover_enabled=&#8221;off&#8221; button_one_border_radius__hover_enabled=&#8221;off&#8221; button_two_border_radius__hover_enabled=&#8221;off&#8221; button_letter_spacing__hover_enabled=&#8221;off&#8221; button_one_letter_spacing__hover_enabled=&#8221;off&#8221; button_two_letter_spacing__hover_enabled=&#8221;off&#8221; button_bg_color__hover_enabled=&#8221;off&#8221; button_one_bg_color__hover_enabled=&#8221;off&#8221; button_two_bg_color__hover_enabled=&#8221;off&#8221; sticky_transition=&#8221;on&#8221;]<\/p>\n<p>No federats + asseguran\u00e7a de corredor <span style=\"color: #00bcea;\"><strong>30\u20ac + 5\u20ac<\/strong><\/span><br \/>Federats <strong><span style=\"color: #00bcea;\">30\u20ac<br \/><\/span><\/strong>Persones amb discapacitat i \u2013 de 7 anys<strong><span style=\"color: #00bcea;\"> 20\u20ac + 5\u20ac<br \/><\/span><\/strong>+\u00a070 anys<span style=\"color: #00bcea;\"><strong> Gratu\u00efta<br \/><\/strong><\/span>MINI MARXA BERET<span style=\"color: #00bcea;\"><strong> 10\u20ac + 5\u20ac<\/strong><br \/><\/span><\/p>\n<p>[\/et_pb_pricing_table][\/et_pb_pricing_tables][\/et_pb_column][et_pb_column type=&#8221;1_3&#8243; _builder_version=&#8221;4.16&#8243; custom_padding=&#8221;|||&#8221; global_colors_info=&#8221;{}&#8221; custom_padding__hover=&#8221;|||&#8221;][et_pb_pricing_tables admin_label=&#8221;Tablas de precios&#8221; _builder_version=&#8221;4.23.1&#8243; header_font_size=&#8221;40&#8243; hover_enabled=&#8221;0&#8243; header_font_size_tablet=&#8221;20&#8243; header_font_size_phone=&#8221;&#8221; header_font_size_last_edited=&#8221;on|tablet&#8221; use_border_color=&#8221;off&#8221; border_color=&#8221;#ffffff&#8221; border_style=&#8221;solid&#8221; remove_featured_drop_shadow=&#8221;off&#8221; button_letter_spacing_hover=&#8221;0&#8243; center_list_items=&#8221;off&#8221; global_colors_info=&#8221;{}&#8221; button_text_size__hover_enabled=&#8221;off&#8221; button_one_text_size__hover_enabled=&#8221;off&#8221; button_two_text_size__hover_enabled=&#8221;off&#8221; button_text_color__hover_enabled=&#8221;off&#8221; button_one_text_color__hover_enabled=&#8221;off&#8221; button_two_text_color__hover_enabled=&#8221;off&#8221; button_border_width__hover_enabled=&#8221;off&#8221; button_one_border_width__hover_enabled=&#8221;off&#8221; button_two_border_width__hover_enabled=&#8221;off&#8221; button_border_color__hover_enabled=&#8221;off&#8221; button_one_border_color__hover_enabled=&#8221;off&#8221; button_two_border_color__hover_enabled=&#8221;off&#8221; button_border_radius__hover_enabled=&#8221;off&#8221; button_one_border_radius__hover_enabled=&#8221;off&#8221; button_two_border_radius__hover_enabled=&#8221;off&#8221; button_letter_spacing__hover_enabled=&#8221;on&#8221; button_letter_spacing__hover=&#8221;0&#8243; button_one_letter_spacing__hover_enabled=&#8221;off&#8221; button_two_letter_spacing__hover_enabled=&#8221;off&#8221; button_bg_color__hover_enabled=&#8221;off&#8221; button_one_bg_color__hover_enabled=&#8221;off&#8221; button_two_bg_color__hover_enabled=&#8221;off&#8221; sticky_enabled=&#8221;0&#8243;][et_pb_pricing_table title=&#8221;Per internet&#8221; subtitle=&#8221;del 16\/01\/2026 al 25\/01\/2026&#8243; button_text=&#8221;Inscriu-te&#8221; _builder_version=&#8221;4.23.1&#8243; header_font=&#8221;||||&#8221; body_font=&#8221;||||&#8221; subheader_font=&#8221;||||&#8221; price_font=&#8221;||||&#8221; currency_frequency_font=&#8221;||||&#8221; background_color=&#8221;#ffffff&#8221; custom_button=&#8221;on&#8221; button_text_size=&#8221;25&#8243; button_text_color=&#8221;#ffffff&#8221; button_bg_color=&#8221;#00bcea&#8221; button_border_width=&#8221;0&#8243; button_border_radius=&#8221;0&#8243; button_font=&#8221;||||&#8221; button_icon=&#8221;&#x6c;||divi||400&#8243; button_icon_placement=&#8221;right&#8221; button_on_hover=&#8221;on&#8221; hover_enabled=&#8221;0&#8243; button_text_size_tablet=&#8221;25&#8243; button_text_size_phone=&#8221;25&#8243; global_colors_info=&#8221;{}&#8221; button_text_size__hover_enabled=&#8221;off&#8221; button_one_text_size__hover_enabled=&#8221;off&#8221; button_two_text_size__hover_enabled=&#8221;off&#8221; button_text_color__hover_enabled=&#8221;off&#8221; button_one_text_color__hover_enabled=&#8221;off&#8221; button_two_text_color__hover_enabled=&#8221;off&#8221; button_border_width__hover_enabled=&#8221;off&#8221; button_one_border_width__hover_enabled=&#8221;off&#8221; button_two_border_width__hover_enabled=&#8221;off&#8221; button_border_color__hover_enabled=&#8221;off&#8221; button_one_border_color__hover_enabled=&#8221;off&#8221; button_two_border_color__hover_enabled=&#8221;off&#8221; button_border_radius__hover_enabled=&#8221;off&#8221; button_one_border_radius__hover_enabled=&#8221;off&#8221; button_two_border_radius__hover_enabled=&#8221;off&#8221; button_letter_spacing__hover_enabled=&#8221;off&#8221; button_one_letter_spacing__hover_enabled=&#8221;off&#8221; button_two_letter_spacing__hover_enabled=&#8221;off&#8221; button_bg_color__hover_enabled=&#8221;off&#8221; button_one_bg_color__hover_enabled=&#8221;off&#8221; button_two_bg_color__hover_enabled=&#8221;off&#8221; sticky_transition=&#8221;on&#8221; sticky_enabled=&#8221;0&#8243;]<\/p>\n<p>No federats + asseguran\u00e7a de corredor <span style=\"color: #00bcea;\"><strong>35\u20ac + 5\u20ac<\/strong><\/span><br \/>Federats <strong><span style=\"color: #00bcea;\">35\u20ac<br \/><\/span><\/strong>Persones amb discapacitat i \u2013 de 7 anys<strong><span style=\"color: #00bcea;\"> 20\u20ac + 5\u20ac<br \/><\/span><\/strong>+\u00a070 anys<span style=\"color: #00bcea;\"> <strong>20\u20ac + 5\u20ac<br \/><\/strong><\/span>MINI MARXA BERET<span style=\"color: #00bcea;\"><strong> 10\u20ac + 5\u20ac<\/strong><\/span><\/p>\n<p>&nbsp;<\/p>\n<p>[\/et_pb_pricing_table][\/et_pb_pricing_tables][\/et_pb_column][et_pb_column type=&#8221;1_3&#8243; _builder_version=&#8221;4.16&#8243; custom_padding=&#8221;|||&#8221; global_colors_info=&#8221;{}&#8221; custom_padding__hover=&#8221;|||&#8221;][et_pb_pricing_tables admin_label=&#8221;Tablas de precios&#8221; _builder_version=&#8221;4.23.1&#8243; header_font_size=&#8221;40&#8243; header_font_size_tablet=&#8221;20&#8243; header_font_size_phone=&#8221;&#8221; header_font_size_last_edited=&#8221;on|tablet&#8221; use_border_color=&#8221;off&#8221; border_color=&#8221;#ffffff&#8221; border_style=&#8221;solid&#8221; remove_featured_drop_shadow=&#8221;off&#8221; button_letter_spacing_hover=&#8221;0&#8243; center_list_items=&#8221;off&#8221; global_colors_info=&#8221;{}&#8221; button_text_size__hover_enabled=&#8221;off&#8221; button_one_text_size__hover_enabled=&#8221;off&#8221; button_two_text_size__hover_enabled=&#8221;off&#8221; button_text_color__hover_enabled=&#8221;off&#8221; button_one_text_color__hover_enabled=&#8221;off&#8221; button_two_text_color__hover_enabled=&#8221;off&#8221; button_border_width__hover_enabled=&#8221;off&#8221; button_one_border_width__hover_enabled=&#8221;off&#8221; button_two_border_width__hover_enabled=&#8221;off&#8221; button_border_color__hover_enabled=&#8221;off&#8221; button_one_border_color__hover_enabled=&#8221;off&#8221; button_two_border_color__hover_enabled=&#8221;off&#8221; button_border_radius__hover_enabled=&#8221;off&#8221; button_one_border_radius__hover_enabled=&#8221;off&#8221; button_two_border_radius__hover_enabled=&#8221;off&#8221; button_letter_spacing__hover_enabled=&#8221;on&#8221; button_letter_spacing__hover=&#8221;0&#8243; button_one_letter_spacing__hover_enabled=&#8221;off&#8221; button_two_letter_spacing__hover_enabled=&#8221;off&#8221; button_bg_color__hover_enabled=&#8221;off&#8221; button_one_bg_color__hover_enabled=&#8221;off&#8221; button_two_bg_color__hover_enabled=&#8221;off&#8221;][et_pb_pricing_table title=&#8221;En persona&#8221; subtitle=&#8221;31\/01\/2026&#8243; _builder_version=&#8221;4.23.1&#8243; header_font=&#8221;||||&#8221; body_font=&#8221;||||&#8221; subheader_font=&#8221;||||&#8221; price_font=&#8221;||||&#8221; currency_frequency_font=&#8221;||||&#8221; background_color=&#8221;#ffffff&#8221; custom_button=&#8221;on&#8221; button_text_size=&#8221;25&#8243; button_text_color=&#8221;#ffffff&#8221; button_bg_color=&#8221;#00bcea&#8221; button_border_width=&#8221;0&#8243; button_border_radius=&#8221;0&#8243; button_font=&#8221;||||&#8221; button_icon=&#8221;&#x6c;||divi||400&#8243; button_icon_placement=&#8221;right&#8221; button_on_hover=&#8221;on&#8221; button_text_size_tablet=&#8221;25&#8243; button_text_size_phone=&#8221;25&#8243; global_colors_info=&#8221;{}&#8221; button_text_size__hover_enabled=&#8221;off&#8221; button_one_text_size__hover_enabled=&#8221;off&#8221; button_two_text_size__hover_enabled=&#8221;off&#8221; button_text_color__hover_enabled=&#8221;off&#8221; button_one_text_color__hover_enabled=&#8221;off&#8221; button_two_text_color__hover_enabled=&#8221;off&#8221; button_border_width__hover_enabled=&#8221;off&#8221; button_one_border_width__hover_enabled=&#8221;off&#8221; button_two_border_width__hover_enabled=&#8221;off&#8221; button_border_color__hover_enabled=&#8221;off&#8221; button_one_border_color__hover_enabled=&#8221;off&#8221; button_two_border_color__hover_enabled=&#8221;off&#8221; button_border_radius__hover_enabled=&#8221;off&#8221; button_one_border_radius__hover_enabled=&#8221;off&#8221; button_two_border_radius__hover_enabled=&#8221;off&#8221; button_letter_spacing__hover_enabled=&#8221;off&#8221; button_one_letter_spacing__hover_enabled=&#8221;off&#8221; button_two_letter_spacing__hover_enabled=&#8221;off&#8221; button_bg_color__hover_enabled=&#8221;off&#8221; button_one_bg_color__hover_enabled=&#8221;off&#8221; button_two_bg_color__hover_enabled=&#8221;off&#8221; sticky_transition=&#8221;on&#8221;]<\/p>\n<p>No federats + asseguran\u00e7a de corredor\u00a0<span style=\"color: #00bcea;\"><strong>40\u20ac + 5\u20ac<\/strong><\/span><br \/>Federats\u00a0<strong><span style=\"color: #00bcea;\">40\u20ac<br \/><\/span><\/strong>Persones amb discapacitat i \u2013 de 7 anys<strong><span style=\"color: #00bcea;\"> 40\u20ac + 5\u20ac<br \/><\/span><\/strong>+\u00a070 anys<span style=\"color: #00bcea;\">\u00a0<strong>40\u20ac + 5\u20ac<br \/><\/strong><\/span>MINI MARXA BERET<span style=\"color: #00bcea;\">\u00a0<strong>10\u20ac + 5\u20ac<\/strong><br \/><\/span><\/p>\n<p>[\/et_pb_pricing_table][\/et_pb_pricing_tables][\/et_pb_column][\/et_pb_row][et_pb_row column_structure=&#8221;1_2,1_2&#8243; admin_label=&#8221;Fila&#8221; _builder_version=&#8221;4.16&#8243; background_size=&#8221;initial&#8221; background_position=&#8221;top_left&#8221; background_repeat=&#8221;repeat&#8221; global_colors_info=&#8221;{}&#8221;][et_pb_column type=&#8221;1_2&#8243; _builder_version=&#8221;4.16&#8243; custom_padding=&#8221;|||&#8221; global_colors_info=&#8221;{}&#8221; custom_padding__hover=&#8221;|||&#8221;][et_pb_text admin_label=&#8221;Texto&#8221; _builder_version=&#8221;4.16&#8243; background_size=&#8221;initial&#8221; background_position=&#8221;top_left&#8221; background_repeat=&#8221;repeat&#8221; use_border_color=&#8221;off&#8221; border_color=&#8221;#ffffff&#8221; border_style=&#8221;solid&#8221; global_colors_info=&#8221;{}&#8221;]<\/p>\n<h3>Observacions<\/h3>\n<p>La inscripci\u00f3 inclou: dorsal, pin commemoratiu, records de la Marxa, guarda-roba, avituallament, diploma personalitzat, publicaci\u00f3 a la p\u00e0gina web dels resultats finals. En cas d&#8217;anul\u00b7laci\u00f3 de la prova es retornar\u00e0 l&#8217;import satisfet descomptant el 40% en concepte de despeses d&#8217;organitzaci\u00f3.<\/p>\n<h3>Federats<\/h3>\n<p>Tots els participants que disposin de la <strong>Llic\u00e8ncia Nacional de Corredor<\/strong> expedida per una federaci\u00f3 d&#8217;esports d&#8217;hivern del 15\/07\/2025 al 04\/02\/2026.<\/p>\n<h3>No federats<\/h3>\n<p>Es podran inscriure de la mateixa manera que els anteriors, fent clic a &#8220;General&#8221; l&#8217;enlla\u00e7 que apareix a dalt, de la mateixa manera completaran el formulari d&#8217;inscripci\u00f3. Hauran obligat\u00f2riament d&#8217;adquirir la llic\u00e8ncia-dia que es proporciona a trav\u00e9s d&#8217;aquesta mateixa inscripci\u00f3.<\/p>\n<p>&nbsp;<\/p>\n<p>[\/et_pb_text][\/et_pb_column][et_pb_column type=&#8221;1_2&#8243; _builder_version=&#8221;4.16&#8243; custom_padding=&#8221;|||&#8221; global_colors_info=&#8221;{}&#8221; custom_padding__hover=&#8221;|||&#8221;][\/et_pb_column][\/et_pb_row][\/et_pb_section]<\/p>\n","protected":false},"excerpt":{"rendered":"<p>Inscripcions Marxa Beret No federats + asseguran\u00e7a de corredor 30\u20ac + 5\u20acFederats 30\u20acPersones amb discapacitat i \u2013 de 7 anys 20\u20ac + 5\u20ac+\u00a070 anys Gratu\u00eftaMINI MARXA BERET 10\u20ac + 5\u20acNo federats + asseguran\u00e7a de corredor 35\u20ac + 5\u20acFederats 35\u20acPersones amb discapacitat i \u2013 de 7 anys 20\u20ac + 5\u20ac+\u00a070 anys 20\u20ac + 5\u20acMINI MARXA BERET [&hellip;]<\/p>\n","protected":false},"author":4,"featured_media":0,"parent":0,"menu_order":0,"comment_status":"closed","ping_status":"closed","template":"","meta":{"_et_pb_use_builder":"on","_et_pb_old_content":"<h1 style=\"text-align: center;\"><strong>Inscripciones Marxa Beret<\/strong><\/h1>","_et_gb_content_width":"","footnotes":""},"_links":{"self":[{"href":"https:\/\/www.marxaberet.com\/ca\/wp-json\/wp\/v2\/pages\/2379"}],"collection":[{"href":"https:\/\/www.marxaberet.com\/ca\/wp-json\/wp\/v2\/pages"}],"about":[{"href":"https:\/\/www.marxaberet.com\/ca\/wp-json\/wp\/v2\/types\/page"}],"author":[{"embeddable":true,"href":"https:\/\/www.marxaberet.com\/ca\/wp-json\/wp\/v2\/users\/4"}],"replies":[{"embeddable":true,"href":"https:\/\/www.marxaberet.com\/ca\/wp-json\/wp\/v2\/comments?post=2379"}],"version-history":[{"count":54,"href":"https:\/\/www.marxaberet.com\/ca\/wp-json\/wp\/v2\/pages\/2379\/revisions"}],"predecessor-version":[{"id":5565,"href":"https:\/\/www.marxaberet.com\/ca\/wp-json\/wp\/v2\/pages\/2379\/revisions\/5565"}],"wp:attachment":[{"href":"https:\/\/www.marxaberet.com\/ca\/wp-json\/wp\/v2\/media?parent=2379"}],"curies":[{"name":"wp","href":"https:\/\/api.w.org\/{rel}","templated":true}]}}