{"id":4309,"date":"2016-12-13T10:38:35","date_gmt":"2016-12-13T10:38:35","guid":{"rendered":"https:\/\/www.marxaberet.com\/ca\/inscripcions-3\/preguntas-frecuentes\/"},"modified":"2017-02-03T10:34:40","modified_gmt":"2017-02-03T10:34:40","slug":"preguntas-frecuentes","status":"publish","type":"page","link":"https:\/\/www.marxaberet.com\/ca\/inscripcions-3\/preguntas-frecuentes\/","title":{"rendered":"Preguntes freq\u00fcents"},"content":{"rendered":"<p>[et_pb_section admin_label=&#8221;section&#8221; transparent_background=&#8221;off&#8221; background_color=&#8221;#f2f2f2&#8243; allow_player_pause=&#8221;off&#8221; inner_shadow=&#8221;off&#8221; parallax=&#8221;off&#8221; parallax_method=&#8221;off&#8221; padding_mobile=&#8221;off&#8221; make_fullwidth=&#8221;off&#8221; use_custom_width=&#8221;off&#8221; width_unit=&#8221;on&#8221; make_equal=&#8221;off&#8221; use_custom_gutter=&#8221;off&#8221;][et_pb_row admin_label=&#8221;row&#8221;][et_pb_column type=&#8221;4_4&#8243;][et_pb_text admin_label=&#8221;Texto&#8221; background_layout=&#8221;light&#8221; text_orientation=&#8221;left&#8221; use_border_color=&#8221;off&#8221; border_color=&#8221;#ffffff&#8221; border_style=&#8221;solid&#8221;]<\/p>\n<h1 style=\"text-align: left;\"><strong><img loading=\"lazy\" decoding=\"async\" class=\"alignleft wp-image-4180 size-full\" src=\"https:\/\/www.marxaberet.com\/wp-content\/uploads\/2016\/12\/ayuda.png\" width=\"64\" height=\"64\" \/><span style=\"color: #3d3532;\">Preguntes freq\u00fcents<\/span><br \/>\n<\/strong><\/h1>\n<p>&nbsp;<\/p>\n<h3><\/h3>\n<h3><span style=\"color: #00b4e1;\"><strong>Puc inscriure&#8217;m els dies abans en persona?<\/strong><\/span><\/h3>\n<p><span style=\"color: #666666;\"><a style=\"color: #666666;\" href=\"https:\/\/www.marxaberet.com\/ca\/inscripcions-3\/reglamento\/\">Consultar reglament aqu\u00ed<\/a>.<\/span><\/p>\n<h3><span style=\"color: #00b4e1;\"><strong>On i quan recullo el dorsal?<\/strong><\/span><\/h3>\n<p><span style=\"color: #666666;\"><a style=\"color: #666666;\" href=\"https:\/\/www.marxaberet.com\/ca\/inscripcions-3\/reglamento\/\">Consultar reglament aqu\u00ed<\/a>.<\/span><\/p>\n<h3><span style=\"color: #00b4e1;\"><strong>Quina documentaci\u00f3 necessito per recollir el dorsal?<\/strong><\/span><\/h3>\n<p><span style=\"color: #666666;\"><a style=\"color: #666666;\" href=\"https:\/\/www.marxaberet.com\/ca\/inscripcions-3\/reglamento\/\">Consultar reglament aqu\u00ed<\/a>.<\/span><\/p>\n<h3><span style=\"color: #00b4e1;\"><strong>Es pot presentar la llic\u00e8ncia d&#8217;altres esports?<\/strong><\/span><\/h3>\n<p>Lamentablement no, les mateixes federacions han arribat a un acord pel qual nom\u00e9s s\u00f3n v\u00e0lides per a la competici\u00f3 les llic\u00e8ncies de l&#8217;esport en q\u00fcesti\u00f3.<\/p>\n<h3><span style=\"color: #00b4e1;\"><strong>Com i per a qu\u00e8 puntua la Marxa Beret?<\/strong><\/span><\/h3>\n<p><span style=\"color: #666666;\"><a style=\"color: #666666;\" href=\"https:\/\/www.marxaberet.com\/ca\/inscripcions-3\/reglamento\/\">Consultar reglament aqu\u00ed<\/a>.<\/span><\/p>\n<h3><span style=\"color: #00b4e1;\"><strong>Puc participar a l&#8217;Sprint Salomon?<\/strong><\/span><\/h3>\n<p><span style=\"color: #666666;\"><a style=\"color: #666666;\" href=\"https:\/\/www.marxaberet.com\/ca\/inscripcions-3\/reglamento\/\">Consultar reglament aqu\u00ed<\/a>.<\/span><\/p>\n<h3><\/h3>\n<h3><span style=\"color: #00b4e1;\"><strong>On puc encerar?<\/strong><\/span><\/h3>\n<p>A la casa d&#8217;acollida tindran un lloc espec\u00edfic per a encerar.<\/p>\n<h3><span style=\"color: #00b4e1;\"><strong>Quin tipus de cera cal posar?<\/strong><\/span><\/h3>\n<p>Veure en el panell informatiu de la casa d&#8217;acollida el dissabte 4 de febrer.<\/p>\n<h3><span style=\"color: #00b4e1;\"><strong>On puc deixar la meva roba?<\/strong><\/span><\/h3>\n<p>A la sortida hi ha un servei de recollida de la roba que posteriorment es trasllada a la meta.<\/p>\n<h3><span style=\"color: #00b4e1;\"><strong>A quina hora i on est\u00e0 situada la sortida?<\/strong><\/span><\/h3>\n<p><span style=\"color: #666666;\"><a style=\"color: #666666;\" href=\"https:\/\/www.marxaberet.com\/ca\/inscripcions-3\/reglamento\/\">Consultar reglament aqu\u00ed<\/a>.<\/span><\/p>\n<h3><span style=\"color: #00b4e1;\"><strong>Es pot fer pas de patinador?<\/strong><\/span><\/h3>\n<p>No, nom\u00e9s passos divergents per a canvis de direcci\u00f3.<\/p>\n<h3><span style=\"color: #00b4e1;\"><strong>Hi ha controls t\u00e8cnics?<\/strong><\/span><\/h3>\n<p>Si, hi ha controls t\u00e8cnics en el recorregut que poden desqualificar a qui faci passos no reglamentaris (Skating).<\/p>\n<h3><span style=\"color: #00b4e1;\"><strong>Hi ha controls d&#8217;encreuament?<\/strong><\/span><\/h3>\n<p>Si, a tots els encreuaments hi ha controls que senyalitzen el recorregut.<\/p>\n<h3><span style=\"color: #00b4e1;\"><strong>Quants avituallaments hi ha?<\/strong><\/span><\/h3>\n<p>Tres i el de la meta.<\/p>\n<h3><span style=\"color: #00b4e1;\"><strong>Quantes traces hi ha?<\/strong><\/span><\/h3>\n<p>A la sortida un m\u00ednim de 14 traces, durant el recorregut es mantindran les traces necess\u00e0ries per facilitar l&#8217;avan\u00e7ament dels esquiadors m\u00e9s lents.<\/p>\n<h3><span style=\"color: #00b4e1;\"><strong>Quina previsi\u00f3 de temps hi ha?<\/strong><\/span><\/h3>\n<p><span style=\"color: #666666;\"><a style=\"color: #666666;\" href=\"http:\/\/baqueira.es\/estacion\/parte-nieve\">Enlla\u00e7 a Baqueira<\/a>.<\/span><\/p>\n<h3><span style=\"color: #00b4e1;\"><strong>Com s\u00f3n les condicions de la neu?<\/strong><\/span><\/h3>\n<p>La primera meitat del recorregut \u00e9s zona ombr\u00edvola (neu m\u00e9s freda) i la segona meitat zona m\u00e9s assolellada (neu m\u00e9s calenta i humida), la setmana abans de la cursa es penjar\u00e0 un comunicat informant de la previsi\u00f3 de les condicions de neu a la p\u00e0gina de la Marxa Beret.<\/p>\n<h3><span style=\"color: #00b4e1;\"><strong>Es baixa a Montgarri?<\/strong><\/span><\/h3>\n<p>Dependr\u00e0 de les condicions meteorol\u00f2giques i de la neu.<\/p>\n<h3><span style=\"color: #00b4e1;\"><strong>Quin desnivell acumulat hi ha?<\/strong><\/span><\/h3>\n<p><span style=\"color: #666666;\"><a style=\"color: #666666;\" href=\"https:\/\/www.marxaberet.com\/ca\/inscripcions-3\/reglamento\/\">Consultar reglament aqu\u00ed<\/a>.<\/span><\/p>\n<h3><span style=\"color: #00b4e1;\"><strong>Quant de temps tinc per acabar la Marxa?<\/strong><\/span><\/h3>\n<p>A les 14 hores es comen\u00e7a a fer el recorregut de tancament de pista.<\/p>\n<h3><\/h3>\n<h3><\/h3>\n<p>[\/et_pb_text][\/et_pb_column][\/et_pb_row][\/et_pb_section]<\/p>\n","protected":false},"excerpt":{"rendered":"<p>Preguntes freq\u00fcents &nbsp; Puc inscriure&#8217;m els dies abans en persona? Consultar reglament aqu\u00ed. On i quan recullo el dorsal? Consultar reglament aqu\u00ed. Quina documentaci\u00f3 necessito per recollir el dorsal? Consultar reglament aqu\u00ed. Es pot presentar la llic\u00e8ncia d&#8217;altres esports? Lamentablement no, les mateixes federacions han arribat a un acord pel qual nom\u00e9s s\u00f3n v\u00e0lides per [&hellip;]<\/p>\n","protected":false},"author":4,"featured_media":0,"parent":2379,"menu_order":0,"comment_status":"open","ping_status":"closed","template":"","meta":{"_et_pb_use_builder":"on","_et_pb_old_content":"<h1 style=\"text-align: left;\"><strong><img class=\"alignleft size-full wp-image-3773\" src=\"https:\/\/www.marxaberet.com\/wp-content\/uploads\/2014\/07\/calendario.png\" alt=\"calendario\" width=\"60\" height=\"64\" \/><span style=\"color: #3d3532;\">Reglamento 37\u00aa Marxa Beret<\/span><\/strong><\/h1>\r\n\u00a0\r\n<h3><span style=\"color: #00b4e1;\"><strong>DESCRIPCI\u00d3N GENERAL<\/strong><\/span><\/h3>\r\nLa<strong>\u00a037\u00aa Marxa Beret<\/strong> es una marcha popular de esqu\u00ed de fondo incluida en el <strong>calendario FIS<\/strong> y en el <strong>circuito Euroloppet<\/strong> de pruebas populares. <strong>Tendr\u00e1 lugar en el Pla de Beret<\/strong> el <strong>s\u00e1bado, d\u00eda 6 y domingo, d\u00eda 7 de febrero de 2016.<\/strong>\r\n\r\nLa prueba del s\u00e1bado, d\u00eda 6 de febrero, ser\u00e1 tambi\u00e9n popular y en <strong>t\u00e9cnica libre<\/strong> y se podr\u00e1 disputar en las distancias de 15 y 30 kil\u00f3metros.\r\n\r\nEn la prueba del domingo, d\u00eda 7 de febrero, \u00fanicamente se permitir\u00e1 la <strong>t\u00e9cnica cl\u00e1sica<\/strong>. Se podr\u00e1 hacer en las distancias de 10, 21 y 42 kil\u00f3metros. La organizaci\u00f3n establecer\u00e1 a lo largo del recorrido controles de observaci\u00f3n con el objetivo de divisar perfectamente todo el recorrido y descalificar cualquier corredor\/a que utilice los pasos de patinador.\r\n\r\n\u00a0\r\n<h3><\/h3>\r\n<h3><span style=\"color: #00b4e1;\"><strong>LA SALIDA<\/strong><\/span><\/h3>\r\nLa salida de las dos pruebas (s\u00e1bado y domingo) ser\u00e1 simult\u00e1nea para todas las distancias en el <strong>Pla de Beret a las 10.00 horas.<\/strong>\r\n\r\nSe dispondr\u00e1n dos parrillas de salida ELITE\r\n\r\nUna <strong>PRIMERA PARRILLA<\/strong> para:\r\n<ul>\r\n \t<li>\u00a0los corredores con menos de 150 puntos FIS en la Lista 2014\/2015;<\/li>\r\n \t<li>corredores\/as clasificados entre los 10 primeros hombres o 5 primeras mujeres en cualquiera de las distancias en las ediciones de 2014 o 2015 de la Marxa.<\/li>\r\n<\/ul>\r\nUna <strong>SEGUNDA PARRILLA<\/strong>\u00a0 para:\r\n<ul>\r\n \t<li>los participantes con pasaporte EUROLOPPET<\/li>\r\n \t<li>corredores de nivel que lo soliciten a la organizaci\u00f3n a trav\u00e9s de correo electr\u00f3nico (<span style=\"color: #00b4e1;\"><strong>marxaberet@gmail.com<\/strong><\/span>) y hayan\u00a0 sido aceptados.<\/li>\r\n<\/ul>\r\n<h3><\/h3>\r\n<h3><span style=\"color: #00b4e1;\"><strong>SEGURO Y RESPONSABILIDADES<\/strong><\/span><\/h3>\r\nEs obligatorio que todos los participantes est\u00e9n en posesi\u00f3n de un seguro de accidentes o licencia que cubra la participaci\u00f3n en todas las pruebas, <strong>s<strong>\u00f3lo se aceptar\u00e1n las licencias de corredor y las tarjetas de federado de cualquier federaci\u00f3n de deportes de invierno.<\/strong><\/strong> Para los que no disponga de ella, la organizaci\u00f3n proporcionar\u00e1 un seguro-d\u00eda para la actividad, que se contratar\u00e1 en el momento de hacer la inscripci\u00f3n por el precio de 5 euros.\r\n\r\nLa organizaci\u00f3n no se hace responsable de los da\u00f1os que el\/la corredor\/a cause o pueda causar a terceros.\r\n<h3><\/h3>\r\n<h3><span style=\"color: #00b4e1;\"><strong>AUTORIZACIONES Y DECLARACIONES<\/strong><\/span><\/h3>\r\nCon el pago de la inscripci\u00f3n,\u00a0<strong>el\/la corredor\/a certifica que<\/strong>:\r\n<ol>\r\n \t<li>dispone de un seguro de accidentes propio, si no lo tuviera, contratar\u00e1 el que proporciona la organizaci\u00f3n, v\u00e1lido para el d\u00eda de la prueba<\/li>\r\n \t<li>sus condiciones f\u00edsicas le permiten tomar parte en la actividad deportiva del ESQU\u00cd DE FONDO y no sufre ninguna enfermedad que le impida o l\u00edmite para la pr\u00e1ctica de este deporte en la distancia escogida<\/li>\r\n \t<li>da el consentimiento para que la organizaci\u00f3n utilice las im\u00e1genes tomadas durante las pruebas para hacer difusi\u00f3n del evento y de futuras ediciones del mismo.<\/li>\r\n<\/ol>\r\nLa organizaci\u00f3n se reserva el derecho de modificar el itinerario, aplazar, suspender o hacer modificaciones en el reglamento, si la seguridad o las condiciones meteorol\u00f3gicas as\u00ed lo aconsejan.\r\n\r\n\u00a0\r\n<h3><\/h3>\r\n<h3><span style=\"color: #00b4e1;\"><strong>INSCRIPCIONES<\/strong><\/span><\/h3>\r\nEn esta edici\u00f3n de la Maxa Beret es posible hacer las inscripciones <strong>a trav\u00e9s de Internet o en persona en el Polideportivo de Salard\u00fa<\/strong> en las fechas se\u00f1aladas a continuaci\u00f3n.\r\n\r\n\u00a0\r\n\r\nSe podr\u00e1n realizar las inscripciones a trav\u00e9s de Internet en la p\u00e1gina web de la Marxa Beret (<span style=\"color: #00b4e1;\"><strong><a style=\"color: #00b4e1;\" href=\"https:\/\/www.marxaberet.com\">www.marxaberet.com<\/a><\/strong><\/span>) desde el <strong>lunes, 13 de julio de 2015 hasta el mi\u00e9rcoles, 30 de diciembre de 2015 por un primer precio de 25 euros. Desde el jueves, 31 de diciembre hasta el lunes, 2 de febrero de 2016 con un aumento de 5 euros y los d\u00edas 5 y 6 de febrero en la\u00a0 \u201cCasa de Acogida\u201d con un aumento de 5 euros m\u00e1s<\/strong>. Para hacer efectiva la inscripci\u00f3n por Internet, es necesario rellenar el formulario en todos sus apartados y hacer el pago mediante tarjeta de cr\u00e9dito. Una vez realizado el pago, la inscripci\u00f3n ser\u00e1 validada y el participante recibir\u00e1 un correo electr\u00f3nico de confirmaci\u00f3n y podr\u00e1 comprobar sus datos accediendo al apartado de \u00abInscripciones\u00bb, \u00abVer inscritos\u00bb de la p\u00e1gina web.\r\n\r\n\u00a0\r\n\r\nLos poseedores del Pasaporte Euroloppet podr\u00e1n inscribirse entrando en la casilla \u00abInscripciones\u00bb de la misma p\u00e1gina web y escogiendo la tarifa Euroloppet.\r\n\r\n<strong>\u00a1Importante!<\/strong> Para cualquier problema con las inscripciones el participante deber\u00e1 mandar un correo electr\u00f3nico a <span style=\"color: #00b4e1;\"><strong>marxaberet@gmail.com<\/strong><\/span>. <strong>Todas las inscripciones que no est\u00e9n correctamente validadas el d\u00eda 2 de febrero de 2016 cuando se cierre el servicio de Internet, quedar\u00e1n invalidadas. Tambi\u00e9n ser\u00e1n nulas todas aquellas inscripciones que contengan errores, que no hayan hecho efectivo el pago o que no presenten la tarjeta de federado al recoger el dorsal<\/strong>. En estos casos, los participantes tendr\u00e1n que realizar la inscripci\u00f3n en persona con el aumento de precio que esto supone.\r\n\r\n\u00a0\r\n\r\nLa inscripci\u00f3n incluye: dorsal, pin conmemorativo, recuerdos de la Marxa Beret, guarda-ropa, avituallamiento, descuentos en restaurantes, alojamientos y comercios, derecho a participar en el <strong>Campeonato de Europa de Maratones de Esqu\u00ed<\/strong>, diploma personalizado y publicaci\u00f3n en la p\u00e1gina web de los resultados finales.\r\n\r\n\u00a0\r\n\r\nEn caso de <strong>anulaci\u00f3n<\/strong> de la prueba se devolver\u00e1 el importe satisfecho descontando el <strong>35% en concepto de gastos de organizaci\u00f3n.<\/strong>\r\n\r\n\u00a0\r\n<h3><\/h3>\r\n<h3><span style=\"color: #00b4e1;\"><strong>RECOGIDA DE DORSALES<\/strong><\/span><\/h3>\r\nLos dorsales se podr\u00e1n recoger en la <strong>CASA DE ACOGIDA<\/strong> (Polideportivo de Salard\u00fa) los d\u00edas siguientes:\r\n\r\n<strong>Viernes, 5 de febrero de 2016 de 10:00h a 21:00h<\/strong>\r\n\r\n<strong>S\u00e1bado, 6 de febrero de 2016 de 10:00h a 20:00h<\/strong>\r\n\r\nPara hacerlo, se deber\u00e1 presentar el DNI,\u00a0 la licencia o la tarjeta federativa si se dispone de ella.\r\n\r\n\u00a0\r\n<h3><\/h3>\r\n<h3><span style=\"color: #00b4e1;\"><strong>PRECIOS<\/strong><\/span><\/h3>\r\nEl precio de inscripci\u00f3n es el mismo para todas las distancias, pero hay variaciones si se hacen a trav\u00e9s del servicio de Internet, si el\/la participante est\u00e1 federado\/a en deportes de invierno, con Pasaporte Euroloppet, y seg\u00fan la edad.\r\n<table>\r\n<tbody>\r\n<tr>\r\n<td width=\"188\"><strong>Precios para cada una de las marxas: s\u00e1bado d\u00eda 6, Skating o domingo d\u00eda 7, Cl\u00e1sico<\/strong><\/td>\r\n<td width=\"187\"><strong>Por Internet del <\/strong><span style=\"color: #00b4e1;\"><strong>13\/07\/15<\/strong><\/span><strong> al <span style=\"color: #00b4e1;\">30\/12\/15<\/span><\/strong><\/td>\r\n<td width=\"167\"><strong>Por Internet del <span style=\"color: #00b4e1;\">31<\/span><\/strong><span style=\"color: #00b4e1;\"><strong>\/12\/15 <\/strong><\/span><strong>al <\/strong><span style=\"color: #00b4e1;\"><strong>2\/02\/16<\/strong><\/span><\/td>\r\n<td width=\"148\"><strong>En persona<\/strong><\/td>\r\n<\/tr>\r\n<tr>\r\n<td width=\"188\">Federados<\/td>\r\n<td width=\"187\"><strong>25\u20ac<\/strong><\/td>\r\n<td width=\"167\"><strong>30\u20ac<\/strong><\/td>\r\n<td width=\"148\"><strong>35\u20ac<\/strong><\/td>\r\n<\/tr>\r\n<tr>\r\n<td width=\"188\">No federados<\/td>\r\n<td width=\"187\"><strong>25\u20ac + 5\u20ac<\/strong><\/td>\r\n<td width=\"167\"><strong>30\u20ac + 5\u20ac<\/strong><\/td>\r\n<td width=\"148\"><strong>35\u20ac + 5\u20ac<\/strong><\/td>\r\n<\/tr>\r\n<tr>\r\n<td width=\"188\">Euroloppet<\/td>\r\n<td width=\"187\"><strong>24\u20ac<\/strong><\/td>\r\n<td width=\"167\"><strong>28\u20ac<\/strong><\/td>\r\n<td width=\"148\"><strong>32\u20ac<\/strong><\/td>\r\n<\/tr>\r\n<tr>\r\n<td width=\"188\"><\/td>\r\n<td width=\"187\"><\/td>\r\n<td width=\"167\"><\/td>\r\n<td width=\"148\"><\/td>\r\n<\/tr>\r\n<tr>\r\n<td width=\"188\">> de 60 y < de 12 a\u00f1os \u00a0<strong>Federados<\/strong><\/td>\r\n<td width=\"187\"><strong>20\u20ac<\/strong><\/td>\r\n<td width=\"167\"><strong>25\u20ac<\/strong><\/td>\r\n<td width=\"148\"><strong>35\u20ac<\/strong><\/td>\r\n<\/tr>\r\n<tr>\r\n<td width=\"188\">> de 60 y < de 12 a\u00f1os \u00a0 \u00a0 \u00a0 \u00a0 \u00a0 \u00a0 \u00a0 \u00a0 \u00a0 \u00a0 \u00a0<strong>No federados<\/strong><\/td>\r\n<td width=\"187\"><strong>20\u20ac + 5\u20ac<\/strong><\/td>\r\n<td width=\"167\"><strong>25\u20ac + 5\u20ac<\/strong><\/td>\r\n<td width=\"148\"><strong>35\u20ac + 5\u20ac<\/strong><\/td>\r\n<\/tr>\r\n<tr>\r\n<td width=\"188\">Menores de 8 a\u00f1os<\/td>\r\n<td width=\"187\"><strong>Gratuita<\/strong><\/td>\r\n<td width=\"167\"><strong>Gratuita<\/strong><\/td>\r\n<td width=\"148\"><strong>Gratuita<\/strong><\/td>\r\n<\/tr>\r\n<tr>\r\n<td width=\"188\">Discapacitados<\/td>\r\n<td width=\"187\"><strong>Gratuita<\/strong><\/td>\r\n<td width=\"167\"><strong>Gratuita<\/strong><\/td>\r\n<td width=\"148\"><strong>Gratuita<\/strong><\/td>\r\n<\/tr>\r\n<\/tbody>\r\n<\/table>\r\n\u00a0\r\n\r\n\u00a0\r\n<table width=\"668\">\r\n<tbody>\r\n<tr>\r\n<td width=\"182\"><strong>Precios para la inscripci\u00f3n conjunta a las dos pruebas<\/strong><\/td>\r\n<td width=\"181\"><strong>Por Internet del <\/strong><span style=\"color: #00b4e1;\"><strong>13\/07\/15<\/strong><\/span><strong> al <span style=\"color: #00b4e1;\">30<\/span><\/strong><span style=\"color: #00b4e1;\"><strong>\/12\/15<\/strong><\/span><\/td>\r\n<td width=\"161\"><strong>Por Internet del <span style=\"color: #00b4e1;\">31<\/span><\/strong><span style=\"color: #00b4e1;\"><strong>\/12\/15<\/strong><\/span><strong> al<span style=\"color: #00b4e1;\"> 2\/02\/16<\/span><\/strong><\/td>\r\n<td width=\"143\"><strong>En persona<\/strong><\/td>\r\n<\/tr>\r\n<tr>\r\n<td width=\"182\">Federados<\/td>\r\n<td width=\"181\"><strong>35\u20ac<\/strong><\/td>\r\n<td width=\"161\"><strong>40\u20ac<\/strong><\/td>\r\n<td width=\"143\"><strong>50\u20ac<\/strong><\/td>\r\n<\/tr>\r\n<tr>\r\n<td width=\"182\">No federados<\/td>\r\n<td width=\"181\"><strong>35\u20ac + 5\u20ac<\/strong><\/td>\r\n<td width=\"161\"><strong>40\u20ac + 5\u20ac<\/strong><\/td>\r\n<td width=\"143\"><strong>50\u20ac + 5\u20ac<\/strong><\/td>\r\n<\/tr>\r\n<tr>\r\n<td width=\"182\">Euroloppet<\/td>\r\n<td width=\"181\"><strong>40\u20ac<\/strong><\/td>\r\n<td width=\"161\"><strong>40\u20ac<\/strong><\/td>\r\n<td width=\"143\"><strong>45\u20ac<\/strong><\/td>\r\n<\/tr>\r\n<tr>\r\n<td width=\"182\"><\/td>\r\n<td width=\"181\"><\/td>\r\n<td width=\"161\"><\/td>\r\n<td width=\"143\"><\/td>\r\n<\/tr>\r\n<tr>\r\n<td width=\"182\">> de 60 y < de 12 a\u00f1os <strong>Federados<\/strong><\/td>\r\n<td width=\"181\"><strong>30\u20ac<\/strong><\/td>\r\n<td width=\"161\"><strong>35\u20ac<\/strong><\/td>\r\n<td width=\"143\"><strong>40\u20ac<\/strong><\/td>\r\n<\/tr>\r\n<tr>\r\n<td width=\"182\">> de 60 y < de 12 a\u00f1os\u00a0<strong>No federados<\/strong><\/td>\r\n<td width=\"181\"><strong>30\u20ac + 5\u20ac<\/strong><\/td>\r\n<td width=\"161\"><strong>35\u20ac + 5\u20ac<\/strong><\/td>\r\n<td width=\"143\"><strong>40\u20ac + 5\u20ac<\/strong><\/td>\r\n<\/tr>\r\n<tr>\r\n<td width=\"182\">Menores de 8 a\u00f1os<\/td>\r\n<td width=\"181\"><strong>Gratuita<\/strong><\/td>\r\n<td width=\"161\"><strong>Gratuita<\/strong><\/td>\r\n<td width=\"143\"><strong>Gratuita<\/strong><\/td>\r\n<\/tr>\r\n<tr>\r\n<td width=\"182\">Discapacitados<\/td>\r\n<td width=\"181\"><strong>Gratuita<\/strong><\/td>\r\n<td width=\"161\"><strong>Gratuita<\/strong><\/td>\r\n<td width=\"143\"><strong>Gratuita<\/strong><\/td>\r\n<\/tr>\r\n<\/tbody>\r\n<\/table>\r\n<h1><\/h1>\r\n<h1><\/h1>\r\n\u00a0\r\n<h1 style=\"text-align: left;\"><span style=\"color: #3d3532;\"><strong>Reglamento Campeonato de Europa de Maratones de Esqu\u00ed 2016<\/strong><\/span><\/h1>\r\n\u00a0\r\n\r\nLa Uni\u00f3n Europea de Maratones de Esqu\u00ed de Fondo (Euroloppet) organiza cada a\u00f1o el <strong>\u201cCampeonato de Maratones de Esqu\u00ed de Fondo\u201d.<\/strong>\r\nEl Campeonato de Europa de maratones de esqu\u00ed de fondo <strong>se compone de 2 carreras <\/strong>valoradas en t\u00e9cnica cl\u00e1sica y libre con las siguientes reglas:\r\n\r\n-\u00a0\u00a0\u00a0\u00a0\u00a0\u00a0\u00a0 Podr\u00e1n participar en las dos distancias largas los hombres y mujeres nacidos en el a\u00f1o 1998 y anteriores\r\n\r\n-\u00a0\u00a0\u00a0\u00a0\u00a0\u00a0\u00a0 Las dos carreras se celebrar\u00e1n en el mismo lugar y el mismo fin de semana.\r\n\r\n-\u00a0\u00a0\u00a0\u00a0\u00a0\u00a0\u00a0 N\u00famero de las carreras: <strong>2 carreras CT + FT = Campeonato.<\/strong>\r\n\r\n-\u00a0\u00a0\u00a0\u00a0\u00a0\u00a0\u00a0 Al menos una carrera tiene que ser de <strong>42 km<\/strong>; la segunda\u00a0 ser\u00e1 al menos de <strong>30 km<\/strong>. La longitud m\u00e1xima de cada una de ellas no debe superar los 50 km.\r\n\r\n-\u00a0\u00a0\u00a0\u00a0\u00a0\u00a0\u00a0 El Campeonato se llevan a cabo de acuerdo con las <strong>reglas FIS<\/strong> para las carreras populares de esqu\u00ed de fondo (ML)\r\n\r\n-\u00a0\u00a0\u00a0\u00a0\u00a0\u00a0\u00a0 Las competiciones estar\u00e1n abiertas a todos los participantes sin limitaci\u00f3n de la nacionalidad.\r\n\r\n-\u00a0\u00a0\u00a0\u00a0\u00a0\u00a0\u00a0 Pueden ser candidatos a Campe\u00f3n de Europa de Maratones de Esqu\u00ed absoluto, todos los corredores que tengan una <strong>licencia v\u00e1lida EUC<\/strong> (Pasaporte Euroloppet = Licencia) y que sean <strong>mayores de 18 a\u00f1os<\/strong> el 1 de enero del a\u00f1o del evento.\r\n\r\n-\u00a0\u00a0\u00a0\u00a0\u00a0\u00a0\u00a0 Para la clasificaci\u00f3n se tendr\u00e1 en cuenta el tiempo de las dos pruebas<strong> CL+FT<\/strong>\r\n\r\n-\u00a0\u00a0\u00a0\u00a0\u00a0\u00a0\u00a0 Se clasificar\u00e1 como campe\u00f3n de Europa de Maratones las siguientes categor\u00edas individuales:\r\nmujeres de los grupos de edad (D21, D31, D36, D41, etc.)\r\nhombres de los grupos de edad (H21, H31, H36, H41, etc.)\r\n\r\n-\u00a0\u00a0\u00a0\u00a0\u00a0\u00a0\u00a0 Para la clasificaci\u00f3n por equipos se valorar\u00e1n<strong> los tres mejores tiempos<\/strong> de un m\u00e1ximo de cuatro corredores por equipo.\r\n\r\n-\u00a0\u00a0\u00a0\u00a0\u00a0\u00a0\u00a0 Para cada grupo de edad (hombres y mujeres) se otorgar\u00e1n los trofeos de Campe\u00f3n de Europa de Maratones de Esqu\u00ed, m\u00e1s las medallas de oro, plata y bronce a los tres primeros clasificados, y diploma Euroloppet al cuarto y quinto clasificado.\r\n<h3><\/h3>\r\n<h3><span style=\"color: #00b4e1;\"><strong>Desplazamiento \/ Aplazamiento \/ Cancelaci\u00f3n:<\/strong><\/span><\/h3>\r\nEn el caso de cambio de la fecha o la ubicaci\u00f3n del Campeonato de Europa de Maratones de Esqu\u00ed por razones de fuerza mayor (tiempo o de organizaci\u00f3n), la inscripci\u00f3n es v\u00e1lida sin limitaciones para la nueva fecha y para la nueva ubicaci\u00f3n.\r\nEn el caso de que el Campeonato de Europa de Maratones de Esqu\u00ed se cancele de cualquier raz\u00f3n (climatolog\u00eda, razones organizativas, etc.), el registro es v\u00e1lido autom\u00e1ticamente para el Campeonato de Europa de Maratones de Esqu\u00ed en el a\u00f1o siguiente.\r\n\r\n\u00a0\r\n<h3><span style=\"color: #00b4e1;\"><strong>Equipos<\/strong><\/span><\/h3>\r\nEn los Campeonatos de Europa de Maratones de Esqu\u00ed de Fondo se asignar\u00e1 el t\u00edtulo de <strong>\"Campe\u00f3n de Europa de Maratones de Esqu\u00ed por equipos\".<\/strong>\r\n\r\n-\u00a0\u00a0\u00a0\u00a0\u00a0\u00a0\u00a0 Los equipos estar\u00e1n formados por<strong> 4 personas<\/strong>, se valorar\u00e1 para la clasificaci\u00f3n los 3 mejores tiempos de los corredores de cada equipo en cada una de las dos carreras (30 Km FT y 42 Km CL).\r\n\r\n-\u00a0\u00a0\u00a0\u00a0\u00a0\u00a0\u00a0 La inscripci\u00f3n del equipo es<strong> gratuita<\/strong>, una vez inscritos sus miembros como corredores\r\n\r\nindividuales.\r\n\r\n-\u00a0\u00a0\u00a0\u00a0\u00a0\u00a0\u00a0 Los corredores del equipo tambi\u00e9n estar\u00e1n inscritos autom\u00e1ticamente para la clasificaci\u00f3n individual.\r\n\r\n-\u00a0\u00a0\u00a0\u00a0\u00a0\u00a0\u00a0 Los equipos pueden ser registrados como equipos de una empresa, un club o un equipo libre\r\n(m\u00e1ximo 2 patrocinadores principales en el nombre del equipo).\r\n\r\n-\u00a0\u00a0\u00a0\u00a0\u00a0\u00a0\u00a0 No hay limitaci\u00f3n de nacionalidad para la inscripci\u00f3n del equipo.\r\n\r\n\u00a0\r\n\r\nSi los corredores individuales ya registrados quieren participar como un equipo, por favor, enviar un e-mail con el nombre y a\u00f1o de nacimiento a <span style=\"color: #00b4e1;\"><strong>info@euroloppet.com<\/strong><\/span> hasta el final oficial de registro de inscripciones.\r\n<h3><\/h3>","_et_gb_content_width":"","footnotes":""},"_links":{"self":[{"href":"https:\/\/www.marxaberet.com\/ca\/wp-json\/wp\/v2\/pages\/4309"}],"collection":[{"href":"https:\/\/www.marxaberet.com\/ca\/wp-json\/wp\/v2\/pages"}],"about":[{"href":"https:\/\/www.marxaberet.com\/ca\/wp-json\/wp\/v2\/types\/page"}],"author":[{"embeddable":true,"href":"https:\/\/www.marxaberet.com\/ca\/wp-json\/wp\/v2\/users\/4"}],"replies":[{"embeddable":true,"href":"https:\/\/www.marxaberet.com\/ca\/wp-json\/wp\/v2\/comments?post=4309"}],"version-history":[{"count":4,"href":"https:\/\/www.marxaberet.com\/ca\/wp-json\/wp\/v2\/pages\/4309\/revisions"}],"predecessor-version":[{"id":4520,"href":"https:\/\/www.marxaberet.com\/ca\/wp-json\/wp\/v2\/pages\/4309\/revisions\/4520"}],"up":[{"embeddable":true,"href":"https:\/\/www.marxaberet.com\/ca\/wp-json\/wp\/v2\/pages\/2379"}],"wp:attachment":[{"href":"https:\/\/www.marxaberet.com\/ca\/wp-json\/wp\/v2\/media?parent=4309"}],"curies":[{"name":"wp","href":"https:\/\/api.w.org\/{rel}","templated":true}]}}