{"id":4320,"date":"2015-09-30T16:35:22","date_gmt":"2015-09-30T16:35:22","guid":{"rendered":"https:\/\/www.marxaberet.com\/en\/voluntarios\/"},"modified":"2023-11-14T16:56:00","modified_gmt":"2023-11-14T16:56:00","slug":"voluntarios","status":"publish","type":"page","link":"https:\/\/www.marxaberet.com\/en\/voluntarios\/","title":{"rendered":"Volentaris Val d&#8217;Aran"},"content":{"rendered":"<p>[et_pb_section fb_built=&#8221;1&#8243; fullwidth=&#8221;on&#8221; custom_padding_last_edited=&#8221;on|desktop&#8221; admin_label=&#8221;Secci\u00f3n&#8221; _builder_version=&#8221;3.22&#8243; background_color=&#8221;rgba(255,255,255,0)&#8221; custom_padding=&#8221;30px|0px|0px|0px&#8221; custom_padding_tablet=&#8221;50px|0|50px|0&#8243; transparent_background=&#8221;on&#8221; padding_mobile=&#8221;off&#8221; make_fullwidth=&#8221;off&#8221; use_custom_width=&#8221;off&#8221; width_unit=&#8221;on&#8221; custom_width_px=&#8221;1080px&#8221; custom_width_percent=&#8221;80%&#8221; global_colors_info=&#8221;{}&#8221; custom_padding_phone=&#8221;50px|0|50px|0&#8243;][et_pb_fullwidth_image src=&#8221;https:\/\/www.marxaberet.com\/wp-content\/uploads\/2015\/09\/volentarisdaran.png&#8221; admin_label=&#8221;Imagen de anchura completa&#8221; _builder_version=&#8221;3.0.87&#8243; animation=&#8221;off&#8221; use_border_color=&#8221;off&#8221; border_color=&#8221;#ffffff&#8221; border_width=&#8221;1px&#8221; border_style=&#8221;solid&#8221; global_colors_info=&#8221;{}&#8221;] [\/et_pb_fullwidth_image][\/et_pb_section][et_pb_section fb_built=&#8221;1&#8243; custom_padding_last_edited=&#8221;on|desktop&#8221; admin_label=&#8221;section&#8221; _builder_version=&#8221;3.22&#8243; background_color=&#8221;#f2f2f2&#8243; custom_padding_tablet=&#8221;50px|0|50px|0&#8243; transparent_background=&#8221;off&#8221; padding_mobile=&#8221;off&#8221; make_fullwidth=&#8221;off&#8221; use_custom_width=&#8221;off&#8221; width_unit=&#8221;on&#8221; custom_width_px=&#8221;1080px&#8221; custom_width_percent=&#8221;80%&#8221; global_colors_info=&#8221;{}&#8221; disabled_on=&#8221;on|on|on&#8221; disabled=&#8221;on&#8221; custom_padding_phone=&#8221;50px|0|50px|0&#8243;][et_pb_row padding_mobile=&#8221;off&#8221; column_padding_mobile=&#8221;on&#8221; admin_label=&#8221;row&#8221; _builder_version=&#8221;3.25&#8243; background_size=&#8221;initial&#8221; background_position=&#8221;top_left&#8221; background_repeat=&#8221;repeat&#8221; make_fullwidth=&#8221;off&#8221; use_custom_width=&#8221;off&#8221; width_unit=&#8221;off&#8221; custom_width_px=&#8221;1080px&#8221; custom_width_percent=&#8221;80%&#8221; global_colors_info=&#8221;{}&#8221;][et_pb_column type=&#8221;4_4&#8243; _builder_version=&#8221;3.25&#8243; custom_padding=&#8221;|||&#8221; global_colors_info=&#8221;{}&#8221; custom_padding__hover=&#8221;|||&#8221;][et_pb_text admin_label=&#8221;Texto&#8221; _builder_version=&#8221;3.27.4&#8243; background_size=&#8221;initial&#8221; background_position=&#8221;top_left&#8221; background_repeat=&#8221;repeat&#8221; use_border_color=&#8221;off&#8221; border_color=&#8221;#ffffff&#8221; border_style=&#8221;solid&#8221; global_colors_info=&#8221;{}&#8221;]<\/p>\n<h1 style=\"text-align: center;\"><strong><span style=\"color: #00b4e1;\">Fancy volunteering for the Marxa Beret?<\/span><\/strong><\/h1>\n<p>[\/et_pb_text][\/et_pb_column][\/et_pb_row][et_pb_row padding_mobile=&#8221;off&#8221; column_padding_mobile=&#8221;on&#8221; admin_label=&#8221;Fila&#8221; _builder_version=&#8221;3.25&#8243; background_size=&#8221;initial&#8221; background_position=&#8221;top_left&#8221; background_repeat=&#8221;repeat&#8221; custom_padding=&#8221;59px|0px|21.4531px|0px&#8221; make_fullwidth=&#8221;off&#8221; use_custom_width=&#8221;off&#8221; width_unit=&#8221;off&#8221; custom_width_px=&#8221;1080px&#8221; custom_width_percent=&#8221;80%&#8221; global_colors_info=&#8221;{}&#8221; column_structure=&#8221;1_2,1_2&#8243;][et_pb_column type=&#8221;1_2&#8243; _builder_version=&#8221;3.25&#8243; custom_padding=&#8221;|||&#8221; global_colors_info=&#8221;{}&#8221; custom_padding__hover=&#8221;|||&#8221;][et_pb_text admin_label=&#8221;Texto&#8221; _builder_version=&#8221;3.27.4&#8243; background_size=&#8221;initial&#8221; background_position=&#8221;top_left&#8221; background_repeat=&#8221;repeat&#8221; use_border_color=&#8221;off&#8221; border_color=&#8221;#ffffff&#8221; border_style=&#8221;solid&#8221; global_colors_info=&#8221;{}&#8221;]<\/p>\n<h3>Send us your information at: <a style=\"color: #3366ff;\" href=\"mailto:voluntarismarxaberet@gmail.com\">voluntarismarxaberet@gmail.com<\/a> and we will contact you.<\/h3>\n<p>[\/et_pb_text][\/et_pb_column][et_pb_column type=&#8221;1_2&#8243; _builder_version=&#8221;3.25&#8243; custom_padding=&#8221;|||&#8221; global_colors_info=&#8221;{}&#8221; custom_padding__hover=&#8221;|||&#8221;][et_pb_text admin_label=&#8221;Texto&#8221; _builder_version=&#8221;3.27.4&#8243; background_size=&#8221;initial&#8221; background_position=&#8221;top_left&#8221; background_repeat=&#8221;repeat&#8221; use_border_color=&#8221;off&#8221; border_color=&#8221;#ffffff&#8221; border_style=&#8221;solid&#8221; global_colors_info=&#8221;{}&#8221;]<img loading=\"lazy\" decoding=\"async\" class=\"alignright size-full wp-image-4168\" src=\"https:\/\/www.marxaberet.com\/wp-content\/uploads\/2015\/09\/fototur_30.jpg\" alt=\"fototur_30\" width=\"877\" height=\"452\" srcset=\"https:\/\/www.marxaberet.com\/wp-content\/uploads\/2015\/09\/fototur_30.jpg 877w, https:\/\/www.marxaberet.com\/wp-content\/uploads\/2015\/09\/fototur_30-300x155.jpg 300w, https:\/\/www.marxaberet.com\/wp-content\/uploads\/2015\/09\/fototur_30-768x396.jpg 768w\" sizes=\"(max-width: 877px) 100vw, 877px\" \/><br \/>\n[\/et_pb_text][\/et_pb_column][\/et_pb_row][\/et_pb_section]<\/p>\n","protected":false},"excerpt":{"rendered":"<p>Fancy volunteering for the Marxa Beret? Send us your information at: voluntarismarxaberet@gmail.com and we will contact you.<\/p>\n","protected":false},"author":4,"featured_media":0,"parent":0,"menu_order":0,"comment_status":"open","ping_status":"closed","template":"","meta":{"_et_pb_use_builder":"on","_et_pb_old_content":"<p>[et_pb_section fullwidth=\"on\" specialty=\"off\" admin_label=\"Secci\u00f3n\"][et_pb_fullwidth_image admin_label=\"Imagen de anchura completa\" src=\"https:\/\/www.marxaberet.com\/wp-content\/uploads\/2015\/09\/volentarisdaran.png\" show_in_lightbox=\"off\" url_new_window=\"off\" use_overlay=\"off\" animation=\"left\" use_border_color=\"off\" border_color=\"#ffffff\" border_style=\"solid\" \/][\/et_pb_section][et_pb_section admin_label=\"section\" transparent_background=\"off\" background_color=\"#f2f2f2\" allow_player_pause=\"off\" inner_shadow=\"off\" parallax=\"off\" parallax_method=\"off\" padding_mobile=\"off\" make_fullwidth=\"off\" use_custom_width=\"off\" width_unit=\"on\" make_equal=\"off\" use_custom_gutter=\"off\"][et_pb_row admin_label=\"row\"][et_pb_column type=\"4_4\"][et_pb_text admin_label=\"Texto\"]<\/p><h1 style=\"text-align: center;\">\u00a1Colabora como voluntario en la Marxa Beret y ll\u00e9vate la chaqueta oficial del Campeonato de Europa de Maratones de Esqu\u00ed!<\/h1><h2 style=\"text-align: left;\"><a href=\"https:\/\/www.marxaberet.com\/wp-content\/uploads\/2015\/11\/prenda-voluntarios.jpg\"><img class=\"alignleft wp-image-2064 \" src=\"https:\/\/www.marxaberet.com\/wp-content\/uploads\/2015\/11\/prenda-voluntarios-724x1024.jpg\" alt=\"prenda voluntarios\" width=\"353\" height=\"500\" \/><\/a><\/h2><h2 style=\"text-align: left;\">\u00a0<\/h2><h2 style=\"text-align: left;\">\u00a0<\/h2><h2 style=\"text-align: left;\">\u00a0<\/h2><h2 style=\"text-align: left;\">\u00a0<\/h2><h2 style=\"text-align: left;\">\u00a0<\/h2><h2 style=\"text-align: left;\">\u00a0<\/h2><h2 style=\"text-align: left;\">\u00a0<\/h2><h2 style=\"text-align: left; padding-left: 30px;\">Desc\u00e1rgate <a href=\"https:\/\/www.marxaberet.com\/wp-content\/uploads\/2015\/11\/Plantilla-VOLUNTARIO1.docx\" target=\"_blank\"><strong><span style=\"text-decoration: underline;\">aqu\u00ed<\/span><\/strong> <\/a>el formulario, rell\u00e9nalo con tus datos y env\u00edalo al siguiente correo electr\u00f3nico: <span style=\"color: #3366ff;\">voluntarismarxaberet@gmail.com<\/span><\/h2><p>[\/et_pb_text][et_pb_image admin_label=\"Imagen\" \/][\/et_pb_column][\/et_pb_row][\/et_pb_section]<\/p>","_et_gb_content_width":"","footnotes":""},"_links":{"self":[{"href":"https:\/\/www.marxaberet.com\/en\/wp-json\/wp\/v2\/pages\/4320"}],"collection":[{"href":"https:\/\/www.marxaberet.com\/en\/wp-json\/wp\/v2\/pages"}],"about":[{"href":"https:\/\/www.marxaberet.com\/en\/wp-json\/wp\/v2\/types\/page"}],"author":[{"embeddable":true,"href":"https:\/\/www.marxaberet.com\/en\/wp-json\/wp\/v2\/users\/4"}],"replies":[{"embeddable":true,"href":"https:\/\/www.marxaberet.com\/en\/wp-json\/wp\/v2\/comments?post=4320"}],"version-history":[{"count":8,"href":"https:\/\/www.marxaberet.com\/en\/wp-json\/wp\/v2\/pages\/4320\/revisions"}],"predecessor-version":[{"id":5375,"href":"https:\/\/www.marxaberet.com\/en\/wp-json\/wp\/v2\/pages\/4320\/revisions\/5375"}],"wp:attachment":[{"href":"https:\/\/www.marxaberet.com\/en\/wp-json\/wp\/v2\/media?parent=4320"}],"curies":[{"name":"wp","href":"https:\/\/api.w.org\/{rel}","templated":true}]}}