{"id":431,"date":"2015-11-27T17:58:06","date_gmt":"2015-11-27T17:58:06","guid":{"rendered":"https:\/\/www.marxaberet.com\/?page_id=431"},"modified":"2025-11-24T15:57:24","modified_gmt":"2025-11-24T15:57:24","slug":"programme","status":"publish","type":"page","link":"https:\/\/www.marxaberet.com\/fr\/programme\/","title":{"rendered":"Programme"},"content":{"rendered":"<p>[et_pb_section fb_built=\u00a0\u00bb1&Prime; custom_padding_last_edited=\u00a0\u00bbon|desktop\u00a0\u00bb admin_label=\u00a0\u00bbsection\u00a0\u00bb _builder_version=\u00a0\u00bb4.16&Prime; background_color=\u00a0\u00bb#f2f2f2&Prime; custom_padding_tablet=\u00a0\u00bb50px|0|50px|0&Prime; custom_padding_phone=\u00a0\u00bb\u00a0\u00bb transparent_background=\u00a0\u00bboff\u00a0\u00bb padding_mobile=\u00a0\u00bboff\u00a0\u00bb make_fullwidth=\u00a0\u00bboff\u00a0\u00bb use_custom_width=\u00a0\u00bboff\u00a0\u00bb width_unit=\u00a0\u00bbon\u00a0\u00bb global_colors_info=\u00a0\u00bb{}\u00a0\u00bb][et_pb_row admin_label=\u00a0\u00bbrow\u00a0\u00bb _builder_version=\u00a0\u00bb4.16&Prime; background_size=\u00a0\u00bbinitial\u00a0\u00bb background_position=\u00a0\u00bbtop_left\u00a0\u00bb background_repeat=\u00a0\u00bbrepeat\u00a0\u00bb global_colors_info=\u00a0\u00bb{}\u00a0\u00bb][et_pb_column type=\u00a0\u00bb4_4&Prime; _builder_version=\u00a0\u00bb4.16&Prime; custom_padding=\u00a0\u00bb|||\u00a0\u00bb global_colors_info=\u00a0\u00bb{}\u00a0\u00bb custom_padding__hover=\u00a0\u00bb|||\u00a0\u00bb][et_pb_text admin_label=\u00a0\u00bbTexto\u00a0\u00bb _builder_version=\u00a0\u00bb4.23.1&Prime; background_size=\u00a0\u00bbinitial\u00a0\u00bb background_position=\u00a0\u00bbtop_left\u00a0\u00bb background_repeat=\u00a0\u00bbrepeat\u00a0\u00bb hover_enabled=\u00a0\u00bb0&Prime; use_border_color=\u00a0\u00bboff\u00a0\u00bb border_color=\u00a0\u00bb#ffffff\u00a0\u00bb border_style=\u00a0\u00bbsolid\u00a0\u00bb global_colors_info=\u00a0\u00bb{}\u00a0\u00bb sticky_enabled=\u00a0\u00bb0&Prime;]<\/p>\n<h1><span style=\"color: #333333;\"><img loading=\"lazy\" decoding=\"async\" class=\"alignleft size-full wp-image-3773\" src=\"https:\/\/www.marxaberet.com\/wp-content\/uploads\/2014\/07\/calendario.png\" alt=\"calendario\" width=\"60\" height=\"64\" \/><strong>Programme 46 Marxa Beret<\/strong><\/span><\/h1>\n<p>&nbsp;<\/p>\n<h2><\/h2>\n<h2><span style=\"color: #00b4e1;\"><strong>Vendredi, 30 Janvier<\/strong><\/span><\/h2>\n<ul>\n<li>\n<h3>16:00 &#8211; Ouverture de la \u00ab\u00a0Maison Bienvenue\u00a0\u00bb<\/h3>\n<\/li>\n<li>\n<h3>20:30 &#8211; \u00ab\u00a0Maison Bienvenue\u00a0\u00bb cl\u00f4ture<\/h3>\n<\/li>\n<\/ul>\n<p>&nbsp;<\/p>\n<h2><span style=\"color: #00b4e1;\"><strong>Samedi, <\/strong><\/span><span style=\"color: #00b4e1;\"><strong>31 Janvier<\/strong><\/span><\/h2>\n<ul>\n<li>\n<h3>09:00 &#8211; Ouverture de la \u00ab\u00a0Maison Bienvenue\u00a0\u00bb<\/h3>\n<\/li>\n<li>\n<h3>10:00 &#8211; \u00ab\u00a0Sprint\u00a0\u00bb au Pla de Beret<\/h3>\n<\/li>\n<li>\n<h3>19:00 &#8211; Remise des prix Skating<\/h3>\n<\/li>\n<li>\n<h3>19:30 &#8211; <strong>Pr\u00e9sentation 46\u00e8me Marxa Beret<\/strong><\/h3>\n<\/li>\n<li>\n<h3>21:00 &#8211; Date limite pour les inscriptions et \u00ab\u00a0Maison Bienvenue\u00a0\u00bb cl\u00f4ture<\/h3>\n<\/li>\n<\/ul>\n<p>&nbsp;<\/p>\n<h2><span style=\"color: #00b4e1;\"><strong>Dimanche, 1 F\u00e9vrier<\/strong><\/span><\/h2>\n<ul>\n<li>\n<h3><strong>10:00 &#8211; D\u00e9part 46\u00e8me Marxa Beret<\/strong><\/h3>\n<\/li>\n<li>\n<h3>13:30 \u2013 Remise des prix<\/h3>\n<\/li>\n<li>\n<h3>14:00 &#8211; C\u00e9r\u00e9monie de cl\u00f4ture<\/h3>\n<\/li>\n<li>\n<h3>15:00 &#8211; Fermeture du circuit<\/h3>\n<\/li>\n<\/ul>\n<p>&nbsp;<\/p>\n<h1><\/h1>\n<p>&nbsp;<\/p>\n<p>[\/et_pb_text][\/et_pb_column][\/et_pb_row][\/et_pb_section]<\/p>\n","protected":false},"excerpt":{"rendered":"<p>Programme 46 Marxa Beret &nbsp; Vendredi, 30 Janvier 16:00 &#8211; Ouverture de la \u00ab\u00a0Maison Bienvenue\u00a0\u00bb 20:30 &#8211; \u00ab\u00a0Maison Bienvenue\u00a0\u00bb cl\u00f4ture &nbsp; Samedi, 31 Janvier 09:00 &#8211; Ouverture de la \u00ab\u00a0Maison Bienvenue\u00a0\u00bb 10:00 &#8211; \u00ab\u00a0Sprint\u00a0\u00bb au Pla de Beret 19:00 &#8211; Remise des prix Skating 19:30 &#8211; Pr\u00e9sentation 46\u00e8me Marxa Beret 21:00 &#8211; Date limite pour [&hellip;]<\/p>\n","protected":false},"author":4,"featured_media":437,"parent":0,"menu_order":0,"comment_status":"closed","ping_status":"closed","template":"","meta":{"_et_pb_use_builder":"on","_et_pb_old_content":"<h1><span style=\"color: #3366ff;\"><strong>PROGRAMA DE LA 37\u00aa MARXA BERET (2016)<\/strong><\/span><\/h1><p>\u00a0<\/p><h2><span style=\"color: #3366ff;\"><strong>Jueves, 4 de febrero<\/strong><\/span><\/h2><ul><li><h3>16:00<em>\u00a0<\/em>- Inauguraci\u00f3n de la 1\u00aa Feria de la Nieve y el Deporte \"Nheusport\"<\/h3><\/li><\/ul><p>\u00a0<\/p><h2><span style=\"color: #3366ff;\"><strong>Viernes, 5 de febrero<\/strong><\/span><\/h2><ul><li><h3>10:00 - Apertura de la \"Casa de Acogida\" e inscripciones de \u00faltima hora<\/h3><\/li><li><h3>18:00 - Recepci\u00f3n de los invitados y equipos<\/h3><\/li><li><h3>18:30 - Desfile de equipos participantes<\/h3><\/li><li><h3>18:45 - Presentaci\u00f3n de la 37\u00aa Edici\u00f3n de la Marxa Beret<\/h3><\/li><li><h3>20:00 - Briefing y reuni\u00f3n informativa<\/h3><\/li><\/ul><p>\u00a0<\/p><h2><span style=\"color: #3366ff;\"><strong>S\u00e1bado, 6 de febrero<\/strong><\/span><\/h2><ul><li><h3>09:30 - Apertura de la \"Casa de Acogida\"<\/h3><\/li><li><h3>10:00 - Salida prueba Skating<\/h3><\/li><li><h3>13:00 - Reparto de premios prueba Skating<\/h3><\/li><li><h3>13:30 - Cierre del circuito<\/h3><\/li><\/ul><p>\u00a0<\/p><h2><span style=\"color: #3366ff;\"><strong>Domingo, 7 de febrero<\/strong><\/span><\/h2><ul><li><h3><strong>10:00 - Salida 37\u00aa Marxa Beret<\/strong><\/h3><\/li><li><h3>13:30\u00a0- \u00a0Reparto de premios<\/h3><\/li><li><h3>14:00\u00a0- Ceremonia de Clausura<\/h3><\/li><li><h3>14:30 - Cierre del circuito<\/h3><\/li><\/ul><p>\u00a0<\/p><p>\u00a0<\/p><h1><span style=\"text-decoration: underline;\">AUTOBUSES Marxa Beret 5, 6 y 7 de febrero<\/span><\/h1><p>\u00a0<\/p><p>VIELHA-BAQUEIRA \/ BAQUEIRA- VIELHA: <strong>l\u00ednea regular Vall d'Aran<\/strong>. Consultar horarios <span style=\"text-decoration: underline;\"><a href=\"http:\/\/www.conselharan.org\/wp-content\/uploads\/2013\/10\/transport.pdf\" target=\"_blank\">aqu\u00ed<\/a>\u00a0<\/span>(precio normal)<\/p><p>\u00a0<\/p><p>PARKING BAQUEIRA-BERET (<strong>GRATIS para los participantes de la Marxa Beret<\/strong>): \u00a0<strong>7:35h<\/strong> y <strong>8:35h\u00a0<\/strong><\/p><p>\u00a0<\/p><p>BERET-PARKING BAQUEIRA (<strong>GRATIS para los participantes de la Marxa Beret)<\/strong>: \u00a0<strong>13:00h<\/strong> y <strong>15:00h<\/strong><\/p><p>*Plazas limitadas.<\/p><p>\u00a0<\/p>","_et_gb_content_width":"","footnotes":""},"_links":{"self":[{"href":"https:\/\/www.marxaberet.com\/fr\/wp-json\/wp\/v2\/pages\/431"}],"collection":[{"href":"https:\/\/www.marxaberet.com\/fr\/wp-json\/wp\/v2\/pages"}],"about":[{"href":"https:\/\/www.marxaberet.com\/fr\/wp-json\/wp\/v2\/types\/page"}],"author":[{"embeddable":true,"href":"https:\/\/www.marxaberet.com\/fr\/wp-json\/wp\/v2\/users\/4"}],"replies":[{"embeddable":true,"href":"https:\/\/www.marxaberet.com\/fr\/wp-json\/wp\/v2\/comments?post=431"}],"version-history":[{"count":17,"href":"https:\/\/www.marxaberet.com\/fr\/wp-json\/wp\/v2\/pages\/431\/revisions"}],"predecessor-version":[{"id":5519,"href":"https:\/\/www.marxaberet.com\/fr\/wp-json\/wp\/v2\/pages\/431\/revisions\/5519"}],"wp:featuredmedia":[{"embeddable":true,"href":"https:\/\/www.marxaberet.com\/fr\/wp-json\/wp\/v2\/media\/437"}],"wp:attachment":[{"href":"https:\/\/www.marxaberet.com\/fr\/wp-json\/wp\/v2\/media?parent=431"}],"curies":[{"name":"wp","href":"https:\/\/api.w.org\/{rel}","templated":true}]}}